{"id":1026,"date":"2023-04-02T15:04:48","date_gmt":"2023-04-02T13:04:48","guid":{"rendered":"https:\/\/trustcerts.de\/?page_id=1026"},"modified":"2023-04-02T15:06:52","modified_gmt":"2023-04-02T13:06:52","slug":"resources","status":"publish","type":"page","link":"https:\/\/trustcerts.de\/de\/resources\/","title":{"rendered":"Ressourcen"},"content":{"rendered":"<div data-elementor-type=\"wp-page\" data-elementor-id=\"1026\" class=\"elementor elementor-1026\">\n\t\t\t\t\t\t\t\t\t<section class=\"elementor-section elementor-top-section elementor-element elementor-element-05ab076 elementor-section-boxed elementor-section-height-default elementor-section-height-default\" data-id=\"05ab076\" data-element_type=\"section\">\n\t\t\t\t\t\t<div class=\"elementor-container elementor-column-gap-default\">\n\t\t\t\t\t<div class=\"elementor-column elementor-col-100 elementor-top-column elementor-element elementor-element-9965fe1\" data-id=\"9965fe1\" data-element_type=\"column\">\n\t\t\t<div class=\"elementor-widget-wrap elementor-element-populated\">\n\t\t\t\t\t\t\t\t<div class=\"elementor-element elementor-element-be8be8d elementor-widget elementor-widget-heading\" data-id=\"be8be8d\" data-element_type=\"widget\" data-settings=\"{&quot;ekit_we_effect_on&quot;:&quot;none&quot;}\" data-widget_type=\"heading.default\">\n\t\t\t\t<div class=\"elementor-widget-container\">\n\t\t\t<style>\/*! elementor - v3.12.0 - 29-03-2023 *\/\n.elementor-heading-title{padding:0;margin:0;line-height:1}.elementor-widget-heading .elementor-heading-title[class*=elementor-size-]>a{color:inherit;font-size:inherit;line-height:inherit}.elementor-widget-heading .elementor-heading-title.elementor-size-small{font-size:15px}.elementor-widget-heading .elementor-heading-title.elementor-size-medium{font-size:19px}.elementor-widget-heading .elementor-heading-title.elementor-size-large{font-size:29px}.elementor-widget-heading .elementor-heading-title.elementor-size-xl{font-size:39px}.elementor-widget-heading .elementor-heading-title.elementor-size-xxl{font-size:59px}<\/style><h1 class=\"elementor-heading-title elementor-size-default\">Auf dem Laufenden bleiben<\/h1>\t\t<\/div>\n\t\t\t\t<\/div>\n\t\t\t\t<div class=\"elementor-element elementor-element-ae8e8a6 elementor-widget elementor-widget-elementskit-blog-posts\" data-id=\"ae8e8a6\" data-element_type=\"widget\" data-settings=\"{&quot;ekit_we_effect_on&quot;:&quot;none&quot;}\" data-widget_type=\"elementskit-blog-posts.default\">\n\t\t\t\t<div class=\"elementor-widget-container\">\n\t\t\t<div class=\"ekit-wid-con\" >\n        <div id=\"post-items--ae8e8a6\" class=\"row post-items ekit-blog-posts-content\" data-enable=\"no\">\n\n\t\t\t<!-- Blog Carousel markup render -->\n\t\t\t\n\n            <div class=\"col-md-12\">\n\n                                    <div class=\"elementskit-blog-block-post\">\n                        <div class=\"row no-gutters\">\n                                                            <div class=\"col-md-6 order-1\">\n                                    <a href=\"https:\/\/trustcerts.de\/de\/blog\/2023\/03\/13\/difference-between-digital-and-electronical-signatures\/\" class=\"elementskit-entry-thumb\">\n                                        <img decoding=\"async\" src=\"https:\/\/trustcerts.de\/wp-content\/uploads\/2023\/03\/towfiqu-barbhuiya-B0q9AkKV6Mk-unsplash-2048x1367-1-1024x684.jpg\" alt=\"Difference between digital and electronical signatures\u200b\">\n                                    <\/a><!-- .elementskit-entry-thumb END -->\n                                <\/div>\n                            \n                            <div class=\"col-md-6 order-2\">\n                                <div class=\"elementskit-post-body\">\n                                    <div class=\"elementskit-entry-header\">\n                                        \n                                                                                                                                                                        \n                                            \n                                                                                                            <h2 class=\"entry-title\">\n                    <a href=\"https:\/\/trustcerts.de\/de\/blog\/2023\/03\/13\/difference-between-digital-and-electronical-signatures\/\">\n                            Unterschied zwischen digitalen und elektronischen Signaturen                    <\/a>\n                <\/h2>\n                                                                                                <\/div><!-- .elementskit-entry-header END -->\n\n                                                                            <div class=\"elementskit-post-footer\">\n                                                                                            <p>Die Begriffe digitale Signatur und elektronische Signatur werden in der Alltagssprache nur allzu oft f\u00e4lschlicherweise synonym verwendet.<\/p>\n                                                                                                                                <\/div><!-- .elementskit-post-footer END -->\n                                                                    <\/div><!-- .elementskit-post-body END -->\n                            <\/div>\n                        <\/div>\n                    <\/div><!-- .elementskit-blog-block-post .radius .gradient-bg END -->\n                \n            <\/div>\t\t\t\t\n\n            <div class=\"col-md-12\">\n\n                                    <div class=\"elementskit-blog-block-post\">\n                        <div class=\"row no-gutters\">\n                                                            <div class=\"col-md-6 order-1\">\n                                    <a href=\"https:\/\/trustcerts.de\/de\/blog\/2023\/03\/13\/what-is-an-electronic-signature\/\" class=\"elementskit-entry-thumb\">\n                                        <img decoding=\"async\" src=\"https:\/\/trustcerts.de\/wp-content\/uploads\/2023\/03\/kelly-sikkema-C3rK5toz0qA-unsplash-2048x1365-1-1024x683.jpg\" alt=\"What is an electronic signature?\u200b\">\n                                    <\/a><!-- .elementskit-entry-thumb END -->\n                                <\/div>\n                            \n                            <div class=\"col-md-6 order-2\">\n                                <div class=\"elementskit-post-body\">\n                                    <div class=\"elementskit-entry-header\">\n                                        \n                                                                                                                                                                        \n                                            \n                                                                                                            <h2 class=\"entry-title\">\n                    <a href=\"https:\/\/trustcerts.de\/de\/blog\/2023\/03\/13\/what-is-an-electronic-signature\/\">\n                            Was ist eine elektronische Signatur?                    <\/a>\n                <\/h2>\n                                                                                                <\/div><!-- .elementskit-entry-header END -->\n\n                                                                            <div class=\"elementskit-post-footer\">\n                                                                                            <p>In diesem Artikel soll gekl\u00e4rt und ein kurzer \u00dcberblick dar\u00fcber gegeben werden, was sich hinter dem Begriff der elektronischen Signatur verbirgt. Obwohl sich dieser Begriff immer mehr durchsetzt, gehen die Vorstellungen dar\u00fcber, was er bedeutet, weit auseinander.<\/p>\n                                                                                                                                <\/div><!-- .elementskit-post-footer END -->\n                                                                    <\/div><!-- .elementskit-post-body END -->\n                            <\/div>\n                        <\/div>\n                    <\/div><!-- .elementskit-blog-block-post .radius .gradient-bg END -->\n                \n            <\/div>\t\t\t\t\n\n            <div class=\"col-md-12\">\n\n                                    <div class=\"elementskit-blog-block-post\">\n                        <div class=\"row no-gutters\">\n                                                            <div class=\"col-md-6 order-1\">\n                                    <a href=\"https:\/\/trustcerts.de\/de\/blog\/2023\/03\/13\/on-the-sustainability-of-the-electronic-signature\/\" class=\"elementskit-entry-thumb\">\n                                        <img decoding=\"async\" src=\"https:\/\/trustcerts.de\/wp-content\/uploads\/2023\/03\/liz-breygel-HSr_FUzDH2w-unsplash-2048x1365-2-1024x683.jpg\" alt=\"On the sustainability of the electronic signature\u200b\">\n                                    <\/a><!-- .elementskit-entry-thumb END -->\n                                <\/div>\n                            \n                            <div class=\"col-md-6 order-2\">\n                                <div class=\"elementskit-post-body\">\n                                    <div class=\"elementskit-entry-header\">\n                                        \n                                                                                                                                                                        \n                                            \n                                                                                                            <h2 class=\"entry-title\">\n                    <a href=\"https:\/\/trustcerts.de\/de\/blog\/2023\/03\/13\/on-the-sustainability-of-the-electronic-signature\/\">\n                            \u00dcber die Nachhaltigkeit der elektronischen Signatur                    <\/a>\n                <\/h2>\n                                                                                                <\/div><!-- .elementskit-entry-header END -->\n\n                                                                            <div class=\"elementskit-post-footer\">\n                                                                                            <p>Der Begriff der Nachhaltigkeit ist heute in aller Munde, so sehr, dass er bereits inflation\u00e4r verwendet wird und inzwischen eher eine Marketingh\u00fclse ohne wirkliche Bedeutung geworden ist.<\/p>\n                                                                                                                                <\/div><!-- .elementskit-post-footer END -->\n                                                                    <\/div><!-- .elementskit-post-body END -->\n                            <\/div>\n                        <\/div>\n                    <\/div><!-- .elementskit-blog-block-post .radius .gradient-bg END -->\n                \n            <\/div>\t\t\t\t        <\/div>\n        \n        \n        <\/div>\t\t<\/div>\n\t\t\t\t<\/div>\n\t\t\t\t\t<\/div>\n\t\t<\/div>\n\t\t\t\t\t\t\t<\/div>\n\t\t<\/section>\n\t\t\t\t\t\t\t<\/div>","protected":false},"excerpt":{"rendered":"<p>Bleiben Sie auf dem Laufenden Unterschied zwischen digitaler und elektronischer Signatur Die Begriffe digitale Signatur und elektronische Signatur werden im allt\u00e4glichen Sprachgebrauch nur allzu oft f\u00e4lschlicherweise synonym verwendet. Was ist eine elektronische Signatur? Dieser Artikel soll Klarheit schaffen und einen kurzen \u00dcberblick dar\u00fcber geben, was sich hinter dem Begriff elektronische Signatur verbirgt. Obwohl dieser Begriff immer mehr [...] <\/p>","protected":false},"author":1,"featured_media":0,"parent":0,"menu_order":0,"comment_status":"closed","ping_status":"closed","template":"","meta":[],"_links":{"self":[{"href":"https:\/\/trustcerts.de\/de\/wp-json\/wp\/v2\/pages\/1026"}],"collection":[{"href":"https:\/\/trustcerts.de\/de\/wp-json\/wp\/v2\/pages"}],"about":[{"href":"https:\/\/trustcerts.de\/de\/wp-json\/wp\/v2\/types\/page"}],"author":[{"embeddable":true,"href":"https:\/\/trustcerts.de\/de\/wp-json\/wp\/v2\/users\/1"}],"replies":[{"embeddable":true,"href":"https:\/\/trustcerts.de\/de\/wp-json\/wp\/v2\/comments?post=1026"}],"version-history":[{"count":4,"href":"https:\/\/trustcerts.de\/de\/wp-json\/wp\/v2\/pages\/1026\/revisions"}],"predecessor-version":[{"id":1031,"href":"https:\/\/trustcerts.de\/de\/wp-json\/wp\/v2\/pages\/1026\/revisions\/1031"}],"wp:attachment":[{"href":"https:\/\/trustcerts.de\/de\/wp-json\/wp\/v2\/media?parent=1026"}],"curies":[{"name":"wp","href":"https:\/\/api.w.org\/{rel}","templated":true}]}}