{"id":15,"date":"2023-02-08T16:57:35","date_gmt":"2023-02-08T15:57:35","guid":{"rendered":"https:\/\/trustcerts.io\/?page_id=15"},"modified":"2023-05-02T19:44:15","modified_gmt":"2023-05-02T17:44:15","slug":"making-contracts-and-credentials-verifiable-foryour-business","status":"publish","type":"page","link":"https:\/\/trustcerts.de\/de\/","title":{"rendered":"Startseite"},"content":{"rendered":"<div data-elementor-type=\"wp-page\" data-elementor-id=\"15\" class=\"elementor elementor-15\">\n\t\t\t\t\t\t\t\t\t<section class=\"elementor-section elementor-top-section elementor-element elementor-element-9f40116 elementor-section-boxed elementor-section-height-default elementor-section-height-default\" data-id=\"9f40116\" data-element_type=\"section\" data-settings=\"{&quot;background_background&quot;:&quot;classic&quot;}\">\n\t\t\t\t\t\t<div class=\"elementor-container elementor-column-gap-default\">\n\t\t\t\t\t<div class=\"elementor-column elementor-col-50 elementor-top-column elementor-element elementor-element-3917d3e\" data-id=\"3917d3e\" data-element_type=\"column\">\n\t\t\t<div class=\"elementor-widget-wrap elementor-element-populated\">\n\t\t\t\t\t\t\t\t<div class=\"elementor-element elementor-element-134a4b5 elementor-widget elementor-widget-heading\" data-id=\"134a4b5\" data-element_type=\"widget\" data-settings=\"{&quot;ekit_we_effect_on&quot;:&quot;none&quot;}\" data-widget_type=\"heading.default\">\n\t\t\t\t<div class=\"elementor-widget-container\">\n\t\t\t<style>\/*! elementor - v3.12.0 - 29-03-2023 *\/\n.elementor-heading-title{padding:0;margin:0;line-height:1}.elementor-widget-heading .elementor-heading-title[class*=elementor-size-]>a{color:inherit;font-size:inherit;line-height:inherit}.elementor-widget-heading .elementor-heading-title.elementor-size-small{font-size:15px}.elementor-widget-heading .elementor-heading-title.elementor-size-medium{font-size:19px}.elementor-widget-heading .elementor-heading-title.elementor-size-large{font-size:29px}.elementor-widget-heading .elementor-heading-title.elementor-size-xl{font-size:39px}.elementor-widget-heading .elementor-heading-title.elementor-size-xxl{font-size:59px}<\/style><h1 class=\"elementor-heading-title elementor-size-xxl\">Vertr\u00e4ge und Nachweise f\u00fcr Ihr Unternehmen \u00fcberpr\u00fcfbar machen<\/h1>\t\t<\/div>\n\t\t\t\t<\/div>\n\t\t\t\t<div class=\"elementor-element elementor-element-9c0d9a6 elementor-widget elementor-widget-text-editor\" data-id=\"9c0d9a6\" data-element_type=\"widget\" data-settings=\"{&quot;ekit_we_effect_on&quot;:&quot;none&quot;}\" data-widget_type=\"text-editor.default\">\n\t\t\t\t<div class=\"elementor-widget-container\">\n\t\t\t<style>\/*! elementor - v3.12.0 - 29-03-2023 *\/\n.elementor-widget-text-editor.elementor-drop-cap-view-stacked .elementor-drop-cap{background-color:#69727d;color:#fff}.elementor-widget-text-editor.elementor-drop-cap-view-framed .elementor-drop-cap{color:#69727d;border:3px solid;background-color:transparent}.elementor-widget-text-editor:not(.elementor-drop-cap-view-default) .elementor-drop-cap{margin-top:8px}.elementor-widget-text-editor:not(.elementor-drop-cap-view-default) .elementor-drop-cap-letter{width:1em;height:1em}.elementor-widget-text-editor .elementor-drop-cap{float:left;text-align:center;line-height:1;font-size:50px}.elementor-widget-text-editor .elementor-drop-cap-letter{display:inline-block}<\/style>\t\t\t\t<p>Mit unseren Produkten werden Ihre Arbeitsabl\u00e4ufe schneller, digitaler und sicherer - \u00fcberall und zu jeder Zeit<\/p>\t\t\t\t\t\t<\/div>\n\t\t\t\t<\/div>\n\t\t\t\t\t<\/div>\n\t\t<\/div>\n\t\t\t\t<div class=\"elementor-column elementor-col-50 elementor-top-column elementor-element elementor-element-8e0d0cd\" data-id=\"8e0d0cd\" data-element_type=\"column\">\n\t\t\t<div class=\"elementor-widget-wrap elementor-element-populated\">\n\t\t\t\t\t\t\t\t<div class=\"elementor-element elementor-element-50ea819 elementor-widget elementor-widget-image\" data-id=\"50ea819\" data-element_type=\"widget\" data-settings=\"{&quot;ekit_we_effect_on&quot;:&quot;none&quot;}\" data-widget_type=\"image.default\">\n\t\t\t\t<div class=\"elementor-widget-container\">\n\t\t\t<style>\/*! elementor - v3.12.0 - 29-03-2023 *\/\n.elementor-widget-image{text-align:center}.elementor-widget-image a{display:inline-block}.elementor-widget-image a img[src$=\".svg\"]{width:48px}.elementor-widget-image img{vertical-align:middle;display:inline-block}<\/style>\t\t\t\t\t\t\t\t\t\t\t\t<img decoding=\"async\" width=\"720\" height=\"491\" src=\"https:\/\/trustcerts.de\/wp-content\/uploads\/2023\/05\/image.png\" class=\"attachment-large size-large wp-image-1040\" alt=\"\" loading=\"lazy\" srcset=\"https:\/\/trustcerts.de\/wp-content\/uploads\/2023\/05\/image.png 720w, https:\/\/trustcerts.de\/wp-content\/uploads\/2023\/05\/image-300x205.png 300w, https:\/\/trustcerts.de\/wp-content\/uploads\/2023\/05\/image-18x12.png 18w\" sizes=\"(max-width: 720px) 100vw, 720px\" \/>\t\t\t\t\t\t\t\t\t\t\t\t\t\t\t<\/div>\n\t\t\t\t<\/div>\n\t\t\t\t\t<\/div>\n\t\t<\/div>\n\t\t\t\t\t\t\t<\/div>\n\t\t<\/section>\n\t\t\t\t<section class=\"elementor-section elementor-top-section elementor-element elementor-element-8b91ca6 elementor-section-boxed elementor-section-height-default elementor-section-height-default\" data-id=\"8b91ca6\" data-element_type=\"section\" data-settings=\"{&quot;background_background&quot;:&quot;classic&quot;}\">\n\t\t\t\t\t\t<div class=\"elementor-container elementor-column-gap-default\">\n\t\t\t\t\t<div class=\"elementor-column elementor-col-100 elementor-top-column elementor-element elementor-element-6d3e8c1\" data-id=\"6d3e8c1\" data-element_type=\"column\">\n\t\t\t<div class=\"elementor-widget-wrap elementor-element-populated\">\n\t\t\t\t\t\t\t\t<div class=\"elementor-element elementor-element-d269ae0 elementor-widget elementor-widget-heading\" data-id=\"d269ae0\" data-element_type=\"widget\" data-settings=\"{&quot;ekit_we_effect_on&quot;:&quot;none&quot;}\" data-widget_type=\"heading.default\">\n\t\t\t\t<div class=\"elementor-widget-container\">\n\t\t\t<h3 class=\"elementor-heading-title elementor-size-default\">PRODUKTE<\/h3>\t\t<\/div>\n\t\t\t\t<\/div>\n\t\t\t\t<div class=\"elementor-element elementor-element-140885b elementor-widget elementor-widget-heading\" data-id=\"140885b\" data-element_type=\"widget\" data-settings=\"{&quot;ekit_we_effect_on&quot;:&quot;none&quot;}\" data-widget_type=\"heading.default\">\n\t\t\t\t<div class=\"elementor-widget-container\">\n\t\t\t<h2 class=\"elementor-heading-title elementor-size-default\">Die TrustSuite f\u00fcr Ihre Anforderungen<\/h2>\t\t<\/div>\n\t\t\t\t<\/div>\n\t\t\t\t<section class=\"elementor-section elementor-inner-section elementor-element elementor-element-53e2fac elementor-section-height-min-height elementor-section-boxed elementor-section-height-default\" data-id=\"53e2fac\" data-element_type=\"section\" data-settings=\"{&quot;background_background&quot;:&quot;classic&quot;}\">\n\t\t\t\t\t\t<div class=\"elementor-container elementor-column-gap-default\">\n\t\t\t\t\t<div class=\"elementor-column elementor-col-50 elementor-inner-column elementor-element elementor-element-829ea0e\" data-id=\"829ea0e\" data-element_type=\"column\">\n\t\t\t<div class=\"elementor-widget-wrap elementor-element-populated\">\n\t\t\t\t\t\t\t\t<div class=\"elementor-element elementor-element-a899947 elementor-widget elementor-widget-heading\" data-id=\"a899947\" data-element_type=\"widget\" data-settings=\"{&quot;ekit_we_effect_on&quot;:&quot;none&quot;}\" data-widget_type=\"heading.default\">\n\t\t\t\t<div class=\"elementor-widget-container\">\n\t\t\t<h2 class=\"elementor-heading-title elementor-size-default\">Senden, unterschreiben, verfolgen, fertig!<\/h2>\t\t<\/div>\n\t\t\t\t<\/div>\n\t\t\t\t<div class=\"elementor-element elementor-element-8679b83 elementor-widget elementor-widget-text-editor\" data-id=\"8679b83\" data-element_type=\"widget\" data-settings=\"{&quot;ekit_we_effect_on&quot;:&quot;none&quot;}\" data-widget_type=\"text-editor.default\">\n\t\t\t\t<div class=\"elementor-widget-container\">\n\t\t\t\t\t\t\t<p>Ihr Unternehmen basiert auf Vertr\u00e4gen, die Sie ausbremsen oder in Schwierigkeiten bringen k\u00f6nnen. Unser System zur Verwaltung von Vertragsworkflows erf\u00fcllt alle von der EU festgelegten Sicherheitsniveaus, respektiert die DSGVO und bietet ein Pay-per-Use-Modell.<\/p>\t\t\t\t\t\t<\/div>\n\t\t\t\t<\/div>\n\t\t\t\t<div class=\"elementor-element elementor-element-f47116a elementor-widget elementor-widget-button\" data-id=\"f47116a\" data-element_type=\"widget\" data-settings=\"{&quot;ekit_we_effect_on&quot;:&quot;none&quot;}\" data-widget_type=\"button.default\">\n\t\t\t\t<div class=\"elementor-widget-container\">\n\t\t\t\t\t<div class=\"elementor-button-wrapper\">\n\t\t\t<a href=\"https:\/\/trustsigner.eu\" class=\"elementor-button-link elementor-button elementor-size-sm\" role=\"button\">\n\t\t\t\t\t\t<span class=\"elementor-button-content-wrapper\">\n\t\t\t\t\t\t<span class=\"elementor-button-text\">Mehr erfahren<\/span>\n\t\t<\/span>\n\t\t\t\t\t<\/a>\n\t\t<\/div>\n\t\t\t\t<\/div>\n\t\t\t\t<\/div>\n\t\t\t\t\t<\/div>\n\t\t<\/div>\n\t\t\t\t<div class=\"elementor-column elementor-col-50 elementor-inner-column elementor-element elementor-element-38d6a29\" data-id=\"38d6a29\" data-element_type=\"column\">\n\t\t\t<div class=\"elementor-widget-wrap elementor-element-populated\">\n\t\t\t\t\t\t\t\t<div class=\"elementor-element elementor-element-433137a elementor-widget elementor-widget-image\" data-id=\"433137a\" data-element_type=\"widget\" data-settings=\"{&quot;ekit_we_effect_on&quot;:&quot;none&quot;}\" data-widget_type=\"image.default\">\n\t\t\t\t<div class=\"elementor-widget-container\">\n\t\t\t\t\t\t\t\t\t\t\t\t\t\t\t<img decoding=\"async\" width=\"300\" height=\"285\" src=\"https:\/\/trustcerts.de\/wp-content\/uploads\/2023\/03\/contracts-300x285.png\" class=\"attachment-medium size-medium wp-image-105\" alt=\"\" loading=\"lazy\" srcset=\"https:\/\/trustcerts.de\/wp-content\/uploads\/2023\/03\/contracts-300x285.png 300w, https:\/\/trustcerts.de\/wp-content\/uploads\/2023\/03\/contracts-768x731.png 768w, https:\/\/trustcerts.de\/wp-content\/uploads\/2023\/03\/contracts-13x12.png 13w, https:\/\/trustcerts.de\/wp-content\/uploads\/2023\/03\/contracts.png 972w\" sizes=\"(max-width: 300px) 100vw, 300px\" \/>\t\t\t\t\t\t\t\t\t\t\t\t\t\t\t<\/div>\n\t\t\t\t<\/div>\n\t\t\t\t\t<\/div>\n\t\t<\/div>\n\t\t\t\t\t\t\t<\/div>\n\t\t<\/section>\n\t\t\t\t<section class=\"elementor-section elementor-inner-section elementor-element elementor-element-89fc7ad elementor-section-height-min-height elementor-section-boxed elementor-section-height-default\" data-id=\"89fc7ad\" data-element_type=\"section\" data-settings=\"{&quot;background_background&quot;:&quot;classic&quot;}\">\n\t\t\t\t\t\t<div class=\"elementor-container elementor-column-gap-default\">\n\t\t\t\t\t<div class=\"elementor-column elementor-col-50 elementor-inner-column elementor-element elementor-element-cea572e\" data-id=\"cea572e\" data-element_type=\"column\">\n\t\t\t<div class=\"elementor-widget-wrap elementor-element-populated\">\n\t\t\t\t\t\t\t\t<div class=\"elementor-element elementor-element-13b77ea elementor-widget elementor-widget-heading\" data-id=\"13b77ea\" data-element_type=\"widget\" data-settings=\"{&quot;ekit_we_effect_on&quot;:&quot;none&quot;}\" data-widget_type=\"heading.default\">\n\t\t\t\t<div class=\"elementor-widget-container\">\n\t\t\t<h2 class=\"elementor-heading-title elementor-size-default\">\u00dcberpr\u00fcfbare Nachweise<\/h2>\t\t<\/div>\n\t\t\t\t<\/div>\n\t\t\t\t<div class=\"elementor-element elementor-element-3ac107c elementor-widget elementor-widget-text-editor\" data-id=\"3ac107c\" data-element_type=\"widget\" data-settings=\"{&quot;ekit_we_effect_on&quot;:&quot;none&quot;}\" data-widget_type=\"text-editor.default\">\n\t\t\t\t<div class=\"elementor-widget-container\">\n\t\t\t\t\t\t\t<p>F\u00fcr eine sichtbare und vertrauensw\u00fcrdige Kreislaufwirtschaft m\u00fcssen die Aussagen Ihrer Produkte \u00fcberpr\u00fcfbar sein. Seien Sie auf die Vorschriften vorbereitet und lassen Sie die Verifizierung vollautomatisch ablaufen.<\/p>\t\t\t\t\t\t<\/div>\n\t\t\t\t<\/div>\n\t\t\t\t<div class=\"elementor-element elementor-element-c04989d elementor-widget elementor-widget-button\" data-id=\"c04989d\" data-element_type=\"widget\" data-settings=\"{&quot;ekit_we_effect_on&quot;:&quot;none&quot;}\" data-widget_type=\"button.default\">\n\t\t\t\t<div class=\"elementor-widget-container\">\n\t\t\t\t\t<div class=\"elementor-button-wrapper\">\n\t\t\t<a href=\"https:\/\/trustcerts.de\/de\/products\/trustcreator\/\" class=\"elementor-button-link elementor-button elementor-size-sm\" role=\"button\">\n\t\t\t\t\t\t<span class=\"elementor-button-content-wrapper\">\n\t\t\t\t\t\t<span class=\"elementor-button-text\">Mehr erfahren<\/span>\n\t\t<\/span>\n\t\t\t\t\t<\/a>\n\t\t<\/div>\n\t\t\t\t<\/div>\n\t\t\t\t<\/div>\n\t\t\t\t\t<\/div>\n\t\t<\/div>\n\t\t\t\t<div class=\"elementor-column elementor-col-50 elementor-inner-column elementor-element elementor-element-616bd93\" data-id=\"616bd93\" data-element_type=\"column\">\n\t\t\t<div class=\"elementor-widget-wrap elementor-element-populated\">\n\t\t\t\t\t\t\t\t<div class=\"elementor-element elementor-element-b7bfae2 elementor-widget elementor-widget-image\" data-id=\"b7bfae2\" data-element_type=\"widget\" data-settings=\"{&quot;ekit_we_effect_on&quot;:&quot;none&quot;}\" data-widget_type=\"image.default\">\n\t\t\t\t<div class=\"elementor-widget-container\">\n\t\t\t\t\t\t\t\t\t\t\t\t\t\t\t<img decoding=\"async\" width=\"300\" height=\"272\" src=\"https:\/\/trustcerts.de\/wp-content\/uploads\/2023\/03\/product-pass-300x272.png\" class=\"attachment-medium size-medium wp-image-104\" alt=\"\" loading=\"lazy\" srcset=\"https:\/\/trustcerts.de\/wp-content\/uploads\/2023\/03\/product-pass-300x272.png 300w, https:\/\/trustcerts.de\/wp-content\/uploads\/2023\/03\/product-pass-13x12.png 13w, https:\/\/trustcerts.de\/wp-content\/uploads\/2023\/03\/product-pass.png 405w\" sizes=\"(max-width: 300px) 100vw, 300px\" \/>\t\t\t\t\t\t\t\t\t\t\t\t\t\t\t<\/div>\n\t\t\t\t<\/div>\n\t\t\t\t\t<\/div>\n\t\t<\/div>\n\t\t\t\t\t\t\t<\/div>\n\t\t<\/section>\n\t\t\t\t\t<\/div>\n\t\t<\/div>\n\t\t\t\t\t\t\t<\/div>\n\t\t<\/section>\n\t\t\t\t<section class=\"elementor-section elementor-top-section elementor-element elementor-element-3b67723 elementor-section-boxed elementor-section-height-default elementor-section-height-default\" data-id=\"3b67723\" data-element_type=\"section\">\n\t\t\t\t\t\t<div class=\"elementor-container elementor-column-gap-default\">\n\t\t\t\t\t<div class=\"elementor-column elementor-col-100 elementor-top-column elementor-element elementor-element-43233c3\" data-id=\"43233c3\" data-element_type=\"column\">\n\t\t\t<div class=\"elementor-widget-wrap elementor-element-populated\">\n\t\t\t\t\t\t\t\t<div class=\"elementor-element elementor-element-8a88860 elementor-widget elementor-widget-elementskit-heading\" data-id=\"8a88860\" data-element_type=\"widget\" data-settings=\"{&quot;ekit_we_effect_on&quot;:&quot;none&quot;}\" data-widget_type=\"elementskit-heading.default\">\n\t\t\t\t<div class=\"elementor-widget-container\">\n\t\t\t<div class=\"ekit-wid-con\" ><div class=\"ekit-heading elementskit-section-title-wraper text_center   ekit_heading_tablet-   ekit_heading_mobile-\"><h2 class=\"ekit-heading--title elementskit-section-title\">Mehr von TrustCerts<\/h2><div class=\"ekit_heading_separetor_wraper ekit_heading_elementskit-border-divider ekit-dotted\"><div class=\"elementskit-border-divider ekit-dotted\"><\/div><\/div><h3 class=\"ekit-heading--subtitle elementskit-section-subtitle\">\n\t\t\t\t\t\tLesen und sehen Sie ausf\u00fchrliche Blogbeitr\u00e4ge \u00fcber die neuesten Informationen zu digitalen Zwillingen und elektronischen Signaturen! \n\t\t\t\t\t<\/h3><\/div><\/div>\t\t<\/div>\n\t\t\t\t<\/div>\n\t\t\t\t<div class=\"elementor-element elementor-element-8d9380e elementor-grid-3 elementor-grid-tablet-2 elementor-grid-mobile-1 elementor-posts--thumbnail-top elementor-card-shadow-yes elementor-posts__hover-gradient elementor-widget elementor-widget-posts\" data-id=\"8d9380e\" data-element_type=\"widget\" data-settings=\"{&quot;cards_columns&quot;:&quot;3&quot;,&quot;cards_columns_tablet&quot;:&quot;2&quot;,&quot;cards_columns_mobile&quot;:&quot;1&quot;,&quot;cards_row_gap&quot;:{&quot;unit&quot;:&quot;px&quot;,&quot;size&quot;:35,&quot;sizes&quot;:[]},&quot;cards_row_gap_tablet&quot;:{&quot;unit&quot;:&quot;px&quot;,&quot;size&quot;:&quot;&quot;,&quot;sizes&quot;:[]},&quot;cards_row_gap_mobile&quot;:{&quot;unit&quot;:&quot;px&quot;,&quot;size&quot;:&quot;&quot;,&quot;sizes&quot;:[]},&quot;ekit_we_effect_on&quot;:&quot;none&quot;}\" data-widget_type=\"posts.cards\">\n\t\t\t\t<div class=\"elementor-widget-container\">\n\t\t\t<link rel=\"stylesheet\" href=\"https:\/\/trustcerts.de\/wp-content\/plugins\/elementor-pro\/assets\/css\/widget-posts.min.css\">\t\t<div class=\"elementor-posts-container elementor-posts elementor-posts--skin-cards elementor-grid\">\n\t\t\t\t<article class=\"elementor-post elementor-grid-item post-847 post type-post status-publish format-standard has-post-thumbnail hentry category-allgemein\">\n\t\t\t<div class=\"elementor-post__card\">\n\t\t\t\t<a class=\"elementor-post__thumbnail__link\" href=\"https:\/\/trustcerts.de\/de\/blog\/2023\/03\/13\/difference-between-digital-and-electronical-signatures\/\" ><div class=\"elementor-post__thumbnail\"><img width=\"300\" height=\"200\" src=\"https:\/\/trustcerts.de\/wp-content\/uploads\/2023\/03\/towfiqu-barbhuiya-B0q9AkKV6Mk-unsplash-2048x1367-1-300x200.jpg\" class=\"attachment-medium size-medium wp-image-380\" alt=\"\" decoding=\"async\" loading=\"lazy\" srcset=\"https:\/\/trustcerts.de\/wp-content\/uploads\/2023\/03\/towfiqu-barbhuiya-B0q9AkKV6Mk-unsplash-2048x1367-1-300x200.jpg 300w, https:\/\/trustcerts.de\/wp-content\/uploads\/2023\/03\/towfiqu-barbhuiya-B0q9AkKV6Mk-unsplash-2048x1367-1-1024x684.jpg 1024w, https:\/\/trustcerts.de\/wp-content\/uploads\/2023\/03\/towfiqu-barbhuiya-B0q9AkKV6Mk-unsplash-2048x1367-1-768x513.jpg 768w, https:\/\/trustcerts.de\/wp-content\/uploads\/2023\/03\/towfiqu-barbhuiya-B0q9AkKV6Mk-unsplash-2048x1367-1-1536x1025.jpg 1536w, https:\/\/trustcerts.de\/wp-content\/uploads\/2023\/03\/towfiqu-barbhuiya-B0q9AkKV6Mk-unsplash-2048x1367-1-18x12.jpg 18w, https:\/\/trustcerts.de\/wp-content\/uploads\/2023\/03\/towfiqu-barbhuiya-B0q9AkKV6Mk-unsplash-2048x1367-1.jpg 2048w\" sizes=\"(max-width: 300px) 100vw, 300px\" \/><\/div><\/a>\n\t\t\t\t<div class=\"elementor-post__text\">\n\t\t\t\t<h3 class=\"elementor-post__title\">\n\t\t\t<a href=\"https:\/\/trustcerts.de\/de\/blog\/2023\/03\/13\/difference-between-digital-and-electronical-signatures\/\" >\n\t\t\t\tUnterschied zwischen digitalen und elektronischen Signaturen\t\t\t<\/a>\n\t\t<\/h3>\n\t\t\t\t<div class=\"elementor-post__excerpt\">\n\t\t\t<p>Die Begriffe digitale Signatur und elektronische Signatur werden in der Alltagssprache nur allzu oft f\u00e4lschlicherweise synonym verwendet.<\/p>\n\t\t<\/div>\n\t\t\t\t\t<div class=\"elementor-post__read-more-wrapper\">\n\t\t\n\t\t<a class=\"elementor-post__read-more\" href=\"https:\/\/trustcerts.de\/de\/blog\/2023\/03\/13\/difference-between-digital-and-electronical-signatures\/\" aria-label=\"Lesen Sie mehr \u00fcber den Unterschied zwischen digitalen und elektronischen Signaturen\" >\n\t\t\tMehr lesen \"\t\t<\/a>\n\n\t\t\t\t\t<\/div>\n\t\t\t\t<\/div>\n\t\t\t\t\t<\/div>\n\t\t<\/article>\n\t\t\t\t<article class=\"elementor-post elementor-grid-item post-845 post type-post status-publish format-standard has-post-thumbnail hentry category-allgemein\">\n\t\t\t<div class=\"elementor-post__card\">\n\t\t\t\t<a class=\"elementor-post__thumbnail__link\" href=\"https:\/\/trustcerts.de\/de\/blog\/2023\/03\/13\/what-is-an-electronic-signature\/\" ><div class=\"elementor-post__thumbnail\"><img width=\"300\" height=\"200\" src=\"https:\/\/trustcerts.de\/wp-content\/uploads\/2023\/03\/kelly-sikkema-C3rK5toz0qA-unsplash-2048x1365-1-300x200.jpg\" class=\"attachment-medium size-medium wp-image-382\" alt=\"\" decoding=\"async\" loading=\"lazy\" srcset=\"https:\/\/trustcerts.de\/wp-content\/uploads\/2023\/03\/kelly-sikkema-C3rK5toz0qA-unsplash-2048x1365-1-300x200.jpg 300w, https:\/\/trustcerts.de\/wp-content\/uploads\/2023\/03\/kelly-sikkema-C3rK5toz0qA-unsplash-2048x1365-1-1024x683.jpg 1024w, https:\/\/trustcerts.de\/wp-content\/uploads\/2023\/03\/kelly-sikkema-C3rK5toz0qA-unsplash-2048x1365-1-768x512.jpg 768w, https:\/\/trustcerts.de\/wp-content\/uploads\/2023\/03\/kelly-sikkema-C3rK5toz0qA-unsplash-2048x1365-1-1536x1024.jpg 1536w, https:\/\/trustcerts.de\/wp-content\/uploads\/2023\/03\/kelly-sikkema-C3rK5toz0qA-unsplash-2048x1365-1-18x12.jpg 18w, https:\/\/trustcerts.de\/wp-content\/uploads\/2023\/03\/kelly-sikkema-C3rK5toz0qA-unsplash-2048x1365-1.jpg 2048w\" sizes=\"(max-width: 300px) 100vw, 300px\" \/><\/div><\/a>\n\t\t\t\t<div class=\"elementor-post__text\">\n\t\t\t\t<h3 class=\"elementor-post__title\">\n\t\t\t<a href=\"https:\/\/trustcerts.de\/de\/blog\/2023\/03\/13\/what-is-an-electronic-signature\/\" >\n\t\t\t\tWas ist eine elektronische Signatur?\t\t\t<\/a>\n\t\t<\/h3>\n\t\t\t\t<div class=\"elementor-post__excerpt\">\n\t\t\t<p>In diesem Artikel soll gekl\u00e4rt und ein kurzer \u00dcberblick dar\u00fcber gegeben werden, was sich hinter dem Begriff der elektronischen Signatur verbirgt. Obwohl sich dieser Begriff immer mehr durchsetzt, gehen die Vorstellungen dar\u00fcber, was er bedeutet, weit auseinander.<\/p>\n\t\t<\/div>\n\t\t\t\t\t<div class=\"elementor-post__read-more-wrapper\">\n\t\t\n\t\t<a class=\"elementor-post__read-more\" href=\"https:\/\/trustcerts.de\/de\/blog\/2023\/03\/13\/what-is-an-electronic-signature\/\" aria-label=\"Lesen Sie mehr \u00fcber Was ist eine elektronische Signatur?\" >\n\t\t\tMehr lesen \"\t\t<\/a>\n\n\t\t\t\t\t<\/div>\n\t\t\t\t<\/div>\n\t\t\t\t\t<\/div>\n\t\t<\/article>\n\t\t\t\t<article class=\"elementor-post elementor-grid-item post-837 post type-post status-publish format-standard has-post-thumbnail hentry category-allgemein\">\n\t\t\t<div class=\"elementor-post__card\">\n\t\t\t\t<a class=\"elementor-post__thumbnail__link\" href=\"https:\/\/trustcerts.de\/de\/blog\/2023\/03\/13\/on-the-sustainability-of-the-electronic-signature\/\" ><div class=\"elementor-post__thumbnail\"><img width=\"300\" height=\"200\" src=\"https:\/\/trustcerts.de\/wp-content\/uploads\/2023\/03\/liz-breygel-HSr_FUzDH2w-unsplash-2048x1365-2-300x200.jpg\" class=\"attachment-medium size-medium wp-image-350\" alt=\"\" decoding=\"async\" loading=\"lazy\" srcset=\"https:\/\/trustcerts.de\/wp-content\/uploads\/2023\/03\/liz-breygel-HSr_FUzDH2w-unsplash-2048x1365-2-300x200.jpg 300w, https:\/\/trustcerts.de\/wp-content\/uploads\/2023\/03\/liz-breygel-HSr_FUzDH2w-unsplash-2048x1365-2-1024x683.jpg 1024w, https:\/\/trustcerts.de\/wp-content\/uploads\/2023\/03\/liz-breygel-HSr_FUzDH2w-unsplash-2048x1365-2-768x512.jpg 768w, https:\/\/trustcerts.de\/wp-content\/uploads\/2023\/03\/liz-breygel-HSr_FUzDH2w-unsplash-2048x1365-2-1536x1024.jpg 1536w, https:\/\/trustcerts.de\/wp-content\/uploads\/2023\/03\/liz-breygel-HSr_FUzDH2w-unsplash-2048x1365-2-18x12.jpg 18w, https:\/\/trustcerts.de\/wp-content\/uploads\/2023\/03\/liz-breygel-HSr_FUzDH2w-unsplash-2048x1365-2.jpg 2048w\" sizes=\"(max-width: 300px) 100vw, 300px\" \/><\/div><\/a>\n\t\t\t\t<div class=\"elementor-post__text\">\n\t\t\t\t<h3 class=\"elementor-post__title\">\n\t\t\t<a href=\"https:\/\/trustcerts.de\/de\/blog\/2023\/03\/13\/on-the-sustainability-of-the-electronic-signature\/\" >\n\t\t\t\t\u00dcber die Nachhaltigkeit der elektronischen Signatur\t\t\t<\/a>\n\t\t<\/h3>\n\t\t\t\t<div class=\"elementor-post__excerpt\">\n\t\t\t<p>Der Begriff der Nachhaltigkeit ist heute in aller Munde, so sehr, dass er bereits inflation\u00e4r verwendet wird und inzwischen eher eine Marketingh\u00fclse ohne wirkliche Bedeutung geworden ist.<\/p>\n\t\t<\/div>\n\t\t\t\t\t<div class=\"elementor-post__read-more-wrapper\">\n\t\t\n\t\t<a class=\"elementor-post__read-more\" href=\"https:\/\/trustcerts.de\/de\/blog\/2023\/03\/13\/on-the-sustainability-of-the-electronic-signature\/\" aria-label=\"Lesen Sie mehr \u00fcber die Nachhaltigkeit der elektronischen Signatur\" >\n\t\t\tMehr lesen \"\t\t<\/a>\n\n\t\t\t\t\t<\/div>\n\t\t\t\t<\/div>\n\t\t\t\t\t<\/div>\n\t\t<\/article>\n\t\t\t\t<\/div>\n\t\t\n\t\t\t\t<\/div>\n\t\t\t\t<\/div>\n\t\t\t\t\t<\/div>\n\t\t<\/div>\n\t\t\t\t\t\t\t<\/div>\n\t\t<\/section>\n\t\t\t\t\t\t\t<\/div>","protected":false},"excerpt":{"rendered":"<p>Mit unseren Produkten werden Ihre Arbeitsabl\u00e4ufe schneller, digitaler und sicherer - \u00fcberall und jederzeit PRODUKTE Die TrustSuite f\u00fcr Ihre Anforderungen Senden, unterschreiben, verfolgen, fertig! Ihr Unternehmen basiert auf Vertr\u00e4gen, die Sie ausbremsen oder in Schwierigkeiten bringen k\u00f6nnen. Unser Vertrags-Workflow-Management-System erf\u00fcllt alle [...]<\/p>","protected":false},"author":1,"featured_media":0,"parent":0,"menu_order":0,"comment_status":"closed","ping_status":"closed","template":"","meta":[],"_links":{"self":[{"href":"https:\/\/trustcerts.de\/de\/wp-json\/wp\/v2\/pages\/15"}],"collection":[{"href":"https:\/\/trustcerts.de\/de\/wp-json\/wp\/v2\/pages"}],"about":[{"href":"https:\/\/trustcerts.de\/de\/wp-json\/wp\/v2\/types\/page"}],"author":[{"embeddable":true,"href":"https:\/\/trustcerts.de\/de\/wp-json\/wp\/v2\/users\/1"}],"replies":[{"embeddable":true,"href":"https:\/\/trustcerts.de\/de\/wp-json\/wp\/v2\/comments?post=15"}],"version-history":[{"count":249,"href":"https:\/\/trustcerts.de\/de\/wp-json\/wp\/v2\/pages\/15\/revisions"}],"predecessor-version":[{"id":1056,"href":"https:\/\/trustcerts.de\/de\/wp-json\/wp\/v2\/pages\/15\/revisions\/1056"}],"wp:attachment":[{"href":"https:\/\/trustcerts.de\/de\/wp-json\/wp\/v2\/media?parent=15"}],"curies":[{"name":"wp","href":"https:\/\/api.w.org\/{rel}","templated":true}]}}