{"id":42,"date":"2023-02-23T21:04:22","date_gmt":"2023-02-23T20:04:22","guid":{"rendered":"https:\/\/trustcerts.io\/?page_id=42"},"modified":"2023-04-02T15:08:54","modified_gmt":"2023-04-02T13:08:54","slug":"trustcreator","status":"publish","type":"page","link":"https:\/\/trustcerts.de\/de\/trustcreator\/","title":{"rendered":"TrustCreator"},"content":{"rendered":"<div data-elementor-type=\"wp-page\" data-elementor-id=\"42\" class=\"elementor elementor-42\">\n\t\t\t\t\t\t\t\t\t<section class=\"elementor-section elementor-top-section elementor-element elementor-element-6dfd270 elementor-section-boxed elementor-section-height-default elementor-section-height-default\" data-id=\"6dfd270\" data-element_type=\"section\" data-settings=\"{&quot;background_background&quot;:&quot;classic&quot;}\">\n\t\t\t\t\t\t<div class=\"elementor-container elementor-column-gap-default\">\n\t\t\t\t\t<div class=\"elementor-column elementor-col-50 elementor-top-column elementor-element elementor-element-fb429ad\" data-id=\"fb429ad\" data-element_type=\"column\">\n\t\t\t<div class=\"elementor-widget-wrap elementor-element-populated\">\n\t\t\t\t\t\t\t\t<div class=\"elementor-element elementor-element-6515365 elementor-widget elementor-widget-heading\" data-id=\"6515365\" data-element_type=\"widget\" data-settings=\"{&quot;ekit_we_effect_on&quot;:&quot;none&quot;}\" data-widget_type=\"heading.default\">\n\t\t\t\t<div class=\"elementor-widget-container\">\n\t\t\t<style>\/*! elementor - v3.12.0 - 29-03-2023 *\/\n.elementor-heading-title{padding:0;margin:0;line-height:1}.elementor-widget-heading .elementor-heading-title[class*=elementor-size-]>a{color:inherit;font-size:inherit;line-height:inherit}.elementor-widget-heading .elementor-heading-title.elementor-size-small{font-size:15px}.elementor-widget-heading .elementor-heading-title.elementor-size-medium{font-size:19px}.elementor-widget-heading .elementor-heading-title.elementor-size-large{font-size:29px}.elementor-widget-heading .elementor-heading-title.elementor-size-xl{font-size:39px}.elementor-widget-heading .elementor-heading-title.elementor-size-xxl{font-size:59px}<\/style><h2 class=\"elementor-heading-title elementor-size-default\">\u00dcberpr\u00fcfbare Berechtigungsnachweise f\u00fcr ein neues Ma\u00df an Sicherheit, Digitalisierung und Automatisierung in Unternehmen<\/h2>\t\t<\/div>\n\t\t\t\t<\/div>\n\t\t\t\t<div class=\"elementor-element elementor-element-fdc3985 elementor-widget elementor-widget-text-editor\" data-id=\"fdc3985\" data-element_type=\"widget\" data-settings=\"{&quot;ekit_we_effect_on&quot;:&quot;none&quot;}\" data-widget_type=\"text-editor.default\">\n\t\t\t\t<div class=\"elementor-widget-container\">\n\t\t\t<style>\/*! elementor - v3.12.0 - 29-03-2023 *\/\n.elementor-widget-text-editor.elementor-drop-cap-view-stacked .elementor-drop-cap{background-color:#69727d;color:#fff}.elementor-widget-text-editor.elementor-drop-cap-view-framed .elementor-drop-cap{color:#69727d;border:3px solid;background-color:transparent}.elementor-widget-text-editor:not(.elementor-drop-cap-view-default) .elementor-drop-cap{margin-top:8px}.elementor-widget-text-editor:not(.elementor-drop-cap-view-default) .elementor-drop-cap-letter{width:1em;height:1em}.elementor-widget-text-editor .elementor-drop-cap{float:left;text-align:center;line-height:1;font-size:50px}.elementor-widget-text-editor .elementor-drop-cap-letter{display:inline-block}<\/style>\t\t\t\t<p>Analoge oder digitale Antr\u00e4ge ohne digitale Signatur verlangsamen Ihre Prozesse und sind anf\u00e4llig f\u00fcr Fehler und Betrug.<\/p><p>Mit unserem TrustCreator erhalten Sie ein einfach zu bedienendes Tool, mit dem Sie mit wenigen Klicks \u00fcberpr\u00fcfbare Berechtigungsnachweise ausstellen k\u00f6nnen. oder \u00fcber API.<\/p>\t\t\t\t\t\t<\/div>\n\t\t\t\t<\/div>\n\t\t\t\t\t<\/div>\n\t\t<\/div>\n\t\t\t\t<div class=\"elementor-column elementor-col-50 elementor-top-column elementor-element elementor-element-77cb67c\" data-id=\"77cb67c\" data-element_type=\"column\">\n\t\t\t<div class=\"elementor-widget-wrap elementor-element-populated\">\n\t\t\t\t\t\t\t\t<div class=\"elementor-element elementor-element-5bef420 elementor-widget elementor-widget-image\" data-id=\"5bef420\" data-element_type=\"widget\" data-settings=\"{&quot;ekit_we_effect_on&quot;:&quot;none&quot;}\" data-widget_type=\"image.default\">\n\t\t\t\t<div class=\"elementor-widget-container\">\n\t\t\t<style>\/*! elementor - v3.12.0 - 29-03-2023 *\/\n.elementor-widget-image{text-align:center}.elementor-widget-image a{display:inline-block}.elementor-widget-image a img[src$=\".svg\"]{width:48px}.elementor-widget-image img{vertical-align:middle;display:inline-block}<\/style>\t\t\t\t\t\t\t\t\t\t\t\t<img decoding=\"async\" width=\"800\" height=\"670\" src=\"https:\/\/trustcerts.de\/wp-content\/uploads\/2023\/03\/Credential-1-1024x858.png\" class=\"attachment-large size-large wp-image-103\" alt=\"\" loading=\"lazy\" srcset=\"https:\/\/trustcerts.de\/wp-content\/uploads\/2023\/03\/Credential-1-1024x858.png 1024w, https:\/\/trustcerts.de\/wp-content\/uploads\/2023\/03\/Credential-1-300x251.png 300w, https:\/\/trustcerts.de\/wp-content\/uploads\/2023\/03\/Credential-1-768x643.png 768w, https:\/\/trustcerts.de\/wp-content\/uploads\/2023\/03\/Credential-1-14x12.png 14w, https:\/\/trustcerts.de\/wp-content\/uploads\/2023\/03\/Credential-1.png 1326w\" sizes=\"(max-width: 800px) 100vw, 800px\" \/>\t\t\t\t\t\t\t\t\t\t\t\t\t\t\t<\/div>\n\t\t\t\t<\/div>\n\t\t\t\t\t<\/div>\n\t\t<\/div>\n\t\t\t\t\t\t\t<\/div>\n\t\t<\/section>\n\t\t\t\t<section class=\"elementor-section elementor-top-section elementor-element elementor-element-bd98f52 elementor-section-boxed elementor-section-height-default elementor-section-height-default\" data-id=\"bd98f52\" data-element_type=\"section\">\n\t\t\t\t\t\t<div class=\"elementor-container elementor-column-gap-default\">\n\t\t\t\t\t<div class=\"elementor-column elementor-col-50 elementor-top-column elementor-element elementor-element-37e336a\" data-id=\"37e336a\" data-element_type=\"column\">\n\t\t\t<div class=\"elementor-widget-wrap elementor-element-populated\">\n\t\t\t\t\t\t\t\t<div class=\"elementor-element elementor-element-88160c7 elementor-widget elementor-widget-image\" data-id=\"88160c7\" data-element_type=\"widget\" data-settings=\"{&quot;ekit_we_effect_on&quot;:&quot;none&quot;}\" data-widget_type=\"image.default\">\n\t\t\t\t<div class=\"elementor-widget-container\">\n\t\t\t\t\t\t\t\t\t\t\t\t\t\t\t<img decoding=\"async\" width=\"800\" height=\"813\" src=\"https:\/\/trustcerts.de\/wp-content\/uploads\/2023\/03\/shield_umwelt.png\" class=\"attachment-large size-large wp-image-971\" alt=\"\" loading=\"lazy\" srcset=\"https:\/\/trustcerts.de\/wp-content\/uploads\/2023\/03\/shield_umwelt.png 977w, https:\/\/trustcerts.de\/wp-content\/uploads\/2023\/03\/shield_umwelt-295x300.png 295w, https:\/\/trustcerts.de\/wp-content\/uploads\/2023\/03\/shield_umwelt-768x781.png 768w, https:\/\/trustcerts.de\/wp-content\/uploads\/2023\/03\/shield_umwelt-12x12.png 12w\" sizes=\"(max-width: 800px) 100vw, 800px\" \/>\t\t\t\t\t\t\t\t\t\t\t\t\t\t\t<\/div>\n\t\t\t\t<\/div>\n\t\t\t\t\t<\/div>\n\t\t<\/div>\n\t\t\t\t<div class=\"elementor-column elementor-col-50 elementor-top-column elementor-element elementor-element-2bc99bb\" data-id=\"2bc99bb\" data-element_type=\"column\">\n\t\t\t<div class=\"elementor-widget-wrap elementor-element-populated\">\n\t\t\t\t\t\t\t\t<div class=\"elementor-element elementor-element-93c5063 elementor-widget elementor-widget-heading\" data-id=\"93c5063\" data-element_type=\"widget\" data-settings=\"{&quot;ekit_we_effect_on&quot;:&quot;none&quot;}\" data-widget_type=\"heading.default\">\n\t\t\t\t<div class=\"elementor-widget-container\">\n\t\t\t<h2 class=\"elementor-heading-title elementor-size-default\">Nachhaltige Sicherheit<\/h2>\t\t<\/div>\n\t\t\t\t<\/div>\n\t\t\t\t<div class=\"elementor-element elementor-element-4914b7b elementor-widget elementor-widget-text-editor\" data-id=\"4914b7b\" data-element_type=\"widget\" data-settings=\"{&quot;ekit_we_effect_on&quot;:&quot;none&quot;}\" data-widget_type=\"text-editor.default\">\n\t\t\t\t<div class=\"elementor-widget-container\">\n\t\t\t\t\t\t\t<p>Technik muss nicht immer f\u00fcr eine hohe Umweltbelastung stehen. Gerade in der heutigen Zeit, in der Klimaneutralit\u00e4t und CO<sub>2<\/sub>\u00a0Reduktionen sind von gro\u00dfer Bedeutung. TrustCerts bietet Ihnen nachhaltige Prozesse f\u00fcr Ihre Digitalisierung.<\/p>\t\t\t\t\t\t<\/div>\n\t\t\t\t<\/div>\n\t\t\t\t<div class=\"elementor-element elementor-element-ff02582 elementor-widget elementor-widget-text-editor\" data-id=\"ff02582\" data-element_type=\"widget\" data-settings=\"{&quot;ekit_we_effect_on&quot;:&quot;none&quot;}\" data-widget_type=\"text-editor.default\">\n\t\t\t\t<div class=\"elementor-widget-container\">\n\t\t\t\t\t\t\t\t\t\t\t\t\t<\/div>\n\t\t\t\t<\/div>\n\t\t\t\t\t<\/div>\n\t\t<\/div>\n\t\t\t\t\t\t\t<\/div>\n\t\t<\/section>\n\t\t\t\t<section class=\"elementor-section elementor-top-section elementor-element elementor-element-f32cae6 elementor-section-boxed elementor-section-height-default elementor-section-height-default\" data-id=\"f32cae6\" data-element_type=\"section\">\n\t\t\t\t\t\t<div class=\"elementor-container elementor-column-gap-default\">\n\t\t\t\t\t<div class=\"elementor-column elementor-col-50 elementor-top-column elementor-element elementor-element-bae80d8\" data-id=\"bae80d8\" data-element_type=\"column\">\n\t\t\t<div class=\"elementor-widget-wrap elementor-element-populated\">\n\t\t\t\t\t\t\t\t<div class=\"elementor-element elementor-element-fd276b6 elementor-widget elementor-widget-heading\" data-id=\"fd276b6\" data-element_type=\"widget\" data-settings=\"{&quot;ekit_we_effect_on&quot;:&quot;none&quot;}\" data-widget_type=\"heading.default\">\n\t\t\t\t<div class=\"elementor-widget-container\">\n\t\t\t<h2 class=\"elementor-heading-title elementor-size-default\">Vertrauen als Dienstleistung<\/h2>\t\t<\/div>\n\t\t\t\t<\/div>\n\t\t\t\t<div class=\"elementor-element elementor-element-fa60d17 elementor-widget elementor-widget-text-editor\" data-id=\"fa60d17\" data-element_type=\"widget\" data-settings=\"{&quot;ekit_we_effect_on&quot;:&quot;none&quot;}\" data-widget_type=\"text-editor.default\">\n\t\t\t\t<div class=\"elementor-widget-container\">\n\t\t\t\t\t\t\t<p>Ihre Anmeldedaten sollen die bestm\u00f6gliche Sicherheit erhalten, ohne die Benutzerfreundlichkeit zu beeintr\u00e4chtigen. Wir verwenden nur die empfohlenen Sicherheitsalgorithmen und verlassen uns auf den aktuellen Stand der Technik.<\/p>\t\t\t\t\t\t<\/div>\n\t\t\t\t<\/div>\n\t\t\t\t<div class=\"elementor-element elementor-element-2802f85 elementor-widget elementor-widget-text-editor\" data-id=\"2802f85\" data-element_type=\"widget\" data-settings=\"{&quot;ekit_we_effect_on&quot;:&quot;none&quot;}\" data-widget_type=\"text-editor.default\">\n\t\t\t\t<div class=\"elementor-widget-container\">\n\t\t\t\t\t\t\t\t\t\t\t\t\t<\/div>\n\t\t\t\t<\/div>\n\t\t\t\t\t<\/div>\n\t\t<\/div>\n\t\t\t\t<div class=\"elementor-column elementor-col-50 elementor-top-column elementor-element elementor-element-4b054d3\" data-id=\"4b054d3\" data-element_type=\"column\">\n\t\t\t<div class=\"elementor-widget-wrap elementor-element-populated\">\n\t\t\t\t\t\t\t\t<div class=\"elementor-element elementor-element-18c8def elementor-widget elementor-widget-image\" data-id=\"18c8def\" data-element_type=\"widget\" data-settings=\"{&quot;ekit_we_effect_on&quot;:&quot;none&quot;}\" data-widget_type=\"image.default\">\n\t\t\t\t<div class=\"elementor-widget-container\">\n\t\t\t\t\t\t\t\t\t\t\t\t\t\t\t<img decoding=\"async\" width=\"800\" height=\"813\" src=\"https:\/\/trustcerts.de\/wp-content\/uploads\/2023\/03\/shield_sicherheit.png\" class=\"attachment-large size-large wp-image-969\" alt=\"\" loading=\"lazy\" srcset=\"https:\/\/trustcerts.de\/wp-content\/uploads\/2023\/03\/shield_sicherheit.png 977w, https:\/\/trustcerts.de\/wp-content\/uploads\/2023\/03\/shield_sicherheit-295x300.png 295w, https:\/\/trustcerts.de\/wp-content\/uploads\/2023\/03\/shield_sicherheit-768x781.png 768w, https:\/\/trustcerts.de\/wp-content\/uploads\/2023\/03\/shield_sicherheit-12x12.png 12w\" sizes=\"(max-width: 800px) 100vw, 800px\" \/>\t\t\t\t\t\t\t\t\t\t\t\t\t\t\t<\/div>\n\t\t\t\t<\/div>\n\t\t\t\t\t<\/div>\n\t\t<\/div>\n\t\t\t\t\t\t\t<\/div>\n\t\t<\/section>\n\t\t\t\t<section class=\"elementor-section elementor-top-section elementor-element elementor-element-fe5ce15 elementor-section-boxed elementor-section-height-default elementor-section-height-default\" data-id=\"fe5ce15\" data-element_type=\"section\">\n\t\t\t\t\t\t<div class=\"elementor-container elementor-column-gap-default\">\n\t\t\t\t\t<div class=\"elementor-column elementor-col-50 elementor-top-column elementor-element elementor-element-ec035bb\" data-id=\"ec035bb\" data-element_type=\"column\">\n\t\t\t<div class=\"elementor-widget-wrap elementor-element-populated\">\n\t\t\t\t\t\t\t\t<div class=\"elementor-element elementor-element-76f302c elementor-widget elementor-widget-image\" data-id=\"76f302c\" data-element_type=\"widget\" data-settings=\"{&quot;ekit_we_effect_on&quot;:&quot;none&quot;}\" data-widget_type=\"image.default\">\n\t\t\t\t<div class=\"elementor-widget-container\">\n\t\t\t\t\t\t\t\t\t\t\t\t\t\t\t<img decoding=\"async\" width=\"800\" height=\"813\" src=\"https:\/\/trustcerts.de\/wp-content\/uploads\/2023\/03\/shield_integration.png\" class=\"attachment-large size-large wp-image-972\" alt=\"\" loading=\"lazy\" srcset=\"https:\/\/trustcerts.de\/wp-content\/uploads\/2023\/03\/shield_integration.png 977w, https:\/\/trustcerts.de\/wp-content\/uploads\/2023\/03\/shield_integration-295x300.png 295w, https:\/\/trustcerts.de\/wp-content\/uploads\/2023\/03\/shield_integration-768x781.png 768w, https:\/\/trustcerts.de\/wp-content\/uploads\/2023\/03\/shield_integration-12x12.png 12w\" sizes=\"(max-width: 800px) 100vw, 800px\" \/>\t\t\t\t\t\t\t\t\t\t\t\t\t\t\t<\/div>\n\t\t\t\t<\/div>\n\t\t\t\t\t<\/div>\n\t\t<\/div>\n\t\t\t\t<div class=\"elementor-column elementor-col-50 elementor-top-column elementor-element elementor-element-de56888\" data-id=\"de56888\" data-element_type=\"column\">\n\t\t\t<div class=\"elementor-widget-wrap elementor-element-populated\">\n\t\t\t\t\t\t\t\t<div class=\"elementor-element elementor-element-4c736bc elementor-widget elementor-widget-heading\" data-id=\"4c736bc\" data-element_type=\"widget\" data-settings=\"{&quot;ekit_we_effect_on&quot;:&quot;none&quot;}\" data-widget_type=\"heading.default\">\n\t\t\t\t<div class=\"elementor-widget-container\">\n\t\t\t<h2 class=\"elementor-heading-title elementor-size-default\">Integration<\/h2>\t\t<\/div>\n\t\t\t\t<\/div>\n\t\t\t\t<div class=\"elementor-element elementor-element-9274be0 elementor-widget elementor-widget-text-editor\" data-id=\"9274be0\" data-element_type=\"widget\" data-settings=\"{&quot;ekit_we_effect_on&quot;:&quot;none&quot;}\" data-widget_type=\"text-editor.default\">\n\t\t\t\t<div class=\"elementor-widget-container\">\n\t\t\t\t\t\t\t<p>Unsere Technologie arbeitet v\u00f6llig eigenst\u00e4ndig und unabh\u00e4ngig von Ihrer bestehenden Software. Deshalb l\u00e4sst sich unser TrustCreator schnell und einfach in alle Arten von Systemen integrieren, ob SAP-L\u00f6sungen oder selbst entwickelte Individualsoftware. Wir k\u00fcmmern uns um Ihre Sicherheit, ganz gleich, welche Systeme Sie einsetzen, damit Sie sich auf Ihr Kerngesch\u00e4ft konzentrieren k\u00f6nnen.<\/p>\t\t\t\t\t\t<\/div>\n\t\t\t\t<\/div>\n\t\t\t\t<div class=\"elementor-element elementor-element-566d771 elementor-widget elementor-widget-text-editor\" data-id=\"566d771\" data-element_type=\"widget\" data-settings=\"{&quot;ekit_we_effect_on&quot;:&quot;none&quot;}\" data-widget_type=\"text-editor.default\">\n\t\t\t\t<div class=\"elementor-widget-container\">\n\t\t\t\t\t\t\t\t\t\t\t\t\t<\/div>\n\t\t\t\t<\/div>\n\t\t\t\t\t<\/div>\n\t\t<\/div>\n\t\t\t\t\t\t\t<\/div>\n\t\t<\/section>\n\t\t\t\t<section class=\"elementor-section elementor-top-section elementor-element elementor-element-9ef755c elementor-section-boxed elementor-section-height-default elementor-section-height-default\" data-id=\"9ef755c\" data-element_type=\"section\">\n\t\t\t\t\t\t<div class=\"elementor-container elementor-column-gap-default\">\n\t\t\t\t\t<div class=\"elementor-column elementor-col-50 elementor-top-column elementor-element elementor-element-170101e\" data-id=\"170101e\" data-element_type=\"column\">\n\t\t\t<div class=\"elementor-widget-wrap elementor-element-populated\">\n\t\t\t\t\t\t\t\t<div class=\"elementor-element elementor-element-e0da4af elementor-widget elementor-widget-heading\" data-id=\"e0da4af\" data-element_type=\"widget\" data-settings=\"{&quot;ekit_we_effect_on&quot;:&quot;none&quot;}\" data-widget_type=\"heading.default\">\n\t\t\t\t<div class=\"elementor-widget-container\">\n\t\t\t<h2 class=\"elementor-heading-title elementor-size-default\">Beginnen Sie heute mit uns<\/h2>\t\t<\/div>\n\t\t\t\t<\/div>\n\t\t\t\t<div class=\"elementor-element elementor-element-b4be1b4 elementor-widget elementor-widget-text-editor\" data-id=\"b4be1b4\" data-element_type=\"widget\" data-settings=\"{&quot;ekit_we_effect_on&quot;:&quot;none&quot;}\" data-widget_type=\"text-editor.default\">\n\t\t\t\t<div class=\"elementor-widget-container\">\n\t\t\t\t\t\t\t<p>Erstellen und verwalten Sie Ihre digitalen Ausweise mit unseren L\u00f6sungen<\/p>\t\t\t\t\t\t<\/div>\n\t\t\t\t<\/div>\n\t\t\t\t<div class=\"elementor-element elementor-element-fde003a elementor-widget elementor-widget-button\" data-id=\"fde003a\" data-element_type=\"widget\" data-settings=\"{&quot;ekit_we_effect_on&quot;:&quot;none&quot;}\" data-widget_type=\"button.default\">\n\t\t\t\t<div class=\"elementor-widget-container\">\n\t\t\t\t\t<div class=\"elementor-button-wrapper\">\n\t\t\t<a href=\"https:\/\/trustcerts.de\/de\/contact\/\" class=\"elementor-button-link elementor-button elementor-size-sm\" role=\"button\">\n\t\t\t\t\t\t<span class=\"elementor-button-content-wrapper\">\n\t\t\t\t\t\t<span class=\"elementor-button-text\">Kontakt<\/span>\n\t\t<\/span>\n\t\t\t\t\t<\/a>\n\t\t<\/div>\n\t\t\t\t<\/div>\n\t\t\t\t<\/div>\n\t\t\t\t\t<\/div>\n\t\t<\/div>\n\t\t\t\t<div class=\"elementor-column elementor-col-50 elementor-top-column elementor-element elementor-element-82775e2\" data-id=\"82775e2\" data-element_type=\"column\">\n\t\t\t<div class=\"elementor-widget-wrap elementor-element-populated\">\n\t\t\t\t\t\t\t\t<div class=\"elementor-element elementor-element-9d6c8db elementor-widget elementor-widget-image\" data-id=\"9d6c8db\" data-element_type=\"widget\" data-settings=\"{&quot;ekit_we_effect_on&quot;:&quot;none&quot;}\" data-widget_type=\"image.default\">\n\t\t\t\t<div class=\"elementor-widget-container\">\n\t\t\t\t\t\t\t\t\t\t\t\t\t\t\t<img decoding=\"async\" width=\"434\" height=\"337\" src=\"https:\/\/trustcerts.de\/wp-content\/uploads\/2023\/03\/mit-trustcerts-starten.svg\" class=\"attachment-large size-large wp-image-974\" alt=\"\" loading=\"lazy\" \/>\t\t\t\t\t\t\t\t\t\t\t\t\t\t\t<\/div>\n\t\t\t\t<\/div>\n\t\t\t\t\t<\/div>\n\t\t<\/div>\n\t\t\t\t\t\t\t<\/div>\n\t\t<\/section>\n\t\t\t\t\t\t\t<\/div>","protected":false},"excerpt":{"rendered":"<p>\u00dcberpr\u00fcfbare Berechtigungsnachweise f\u00fcr ein neues Ma\u00df an Sicherheit, Digitalisierung und Automatisierung Analoge Antr\u00e4ge oder digitale Antr\u00e4ge ohne digitale Signatur verlangsamen Ihre Prozesse und sind anf\u00e4llig f\u00fcr Fehler und Betrug. Mit unserem TrustCreator steht Ihnen ein einfach zu bedienendes Tool zur Verf\u00fcgung, mit dem Sie mit wenigen Klicks oder \u00fcber API verifizierbare Berechtigungsnachweise ausstellen k\u00f6nnen. [...]<\/p>","protected":false},"author":1,"featured_media":0,"parent":0,"menu_order":2,"comment_status":"closed","ping_status":"closed","template":"","meta":[],"_links":{"self":[{"href":"https:\/\/trustcerts.de\/de\/wp-json\/wp\/v2\/pages\/42"}],"collection":[{"href":"https:\/\/trustcerts.de\/de\/wp-json\/wp\/v2\/pages"}],"about":[{"href":"https:\/\/trustcerts.de\/de\/wp-json\/wp\/v2\/types\/page"}],"author":[{"embeddable":true,"href":"https:\/\/trustcerts.de\/de\/wp-json\/wp\/v2\/users\/1"}],"replies":[{"embeddable":true,"href":"https:\/\/trustcerts.de\/de\/wp-json\/wp\/v2\/comments?post=42"}],"version-history":[{"count":13,"href":"https:\/\/trustcerts.de\/de\/wp-json\/wp\/v2\/pages\/42\/revisions"}],"predecessor-version":[{"id":1038,"href":"https:\/\/trustcerts.de\/de\/wp-json\/wp\/v2\/pages\/42\/revisions\/1038"}],"wp:attachment":[{"href":"https:\/\/trustcerts.de\/de\/wp-json\/wp\/v2\/media?parent=42"}],"curies":[{"name":"wp","href":"https:\/\/api.w.org\/{rel}","templated":true}]}}